{"id":106,"date":"2022-02-17T08:13:10","date_gmt":"2022-02-17T08:13:10","guid":{"rendered":"https:\/\/gesangverein-ebersbach.de\/?page_id=106"},"modified":"2023-03-22T15:02:48","modified_gmt":"2023-03-22T15:02:48","slug":"geschichte-des-vereins","status":"publish","type":"page","link":"https:\/\/gesangverein-ebersbach.de\/index.php\/geschichte-des-vereins\/","title":{"rendered":"Geschichte des Vereins"},"content":{"rendered":"\n<div class=\"wp-block-columns is-layout-flex wp-container-core-columns-is-layout-9d6595d7 wp-block-columns-is-layout-flex\">\n<div class=\"wp-block-column is-layout-flow wp-block-column-is-layout-flow\" style=\"flex-basis:100%\"><div class=\"wp-block-image\">\n<figure class=\"aligncenter size-large is-resized\"><a href=\"https:\/\/gesangverein-ebersbach.de\/wp-content\/uploads\/2022\/02\/gruendung_xl.jpg\"><img loading=\"lazy\" decoding=\"async\" src=\"https:\/\/gesangverein-ebersbach.de\/wp-content\/uploads\/2022\/02\/gruendung_xl-1024x768.jpg\" alt=\"\" class=\"wp-image-112\" width=\"600\" height=\"384\"\/><\/a><figcaption class=\"wp-element-caption\">\u00c4ltestes vorhandenes Vereinsbild (1904)<\/figcaption><\/figure>\n<\/div><\/div>\n<\/div>\n\n\n\n<p class=\"has-medium-font-size\">Der Ebersbacher M\u00e4nnergesangverein ist der \u00e4lteste durchgehend gelebte Verein im Ort. Am 26.05.1868 trafen sich im Gasthof Ziegenhals 16 M\u00e4nner \u201ezur Gr\u00fcndung eines Gesangvereines mit aktiven und passiven Mitgliedern\u201c.&nbsp;&nbsp;&nbsp;&nbsp;<\/p>\n\n\n\n<div class=\"wp-block-columns is-layout-flex wp-container-core-columns-is-layout-9d6595d7 wp-block-columns-is-layout-flex\">\n<div class=\"wp-block-column is-layout-flow wp-block-column-is-layout-flow\" style=\"flex-basis:33.33%\">\n<figure class=\"wp-block-image size-large\"><a href=\"https:\/\/gesangverein-ebersbach.de\/wp-content\/uploads\/2022\/02\/urkunde_xl.jpg\"><img loading=\"lazy\" decoding=\"async\" width=\"768\" height=\"1024\" src=\"https:\/\/gesangverein-ebersbach.de\/wp-content\/uploads\/2022\/02\/urkunde_xl-768x1024.jpg\" alt=\"\" class=\"wp-image-108\" srcset=\"https:\/\/gesangverein-ebersbach.de\/wp-content\/uploads\/2022\/02\/urkunde_xl-768x1024.jpg 768w, https:\/\/gesangverein-ebersbach.de\/wp-content\/uploads\/2022\/02\/urkunde_xl-225x300.jpg 225w, https:\/\/gesangverein-ebersbach.de\/wp-content\/uploads\/2022\/02\/urkunde_xl.jpg 1000w\" sizes=\"auto, (max-width: 768px) 100vw, 768px\" \/><\/a><figcaption class=\"wp-element-caption\">Gr\u00fcndungsurkunde \/ Protokoll<\/figcaption><\/figure>\n<\/div>\n\n\n\n<div class=\"wp-block-column is-layout-flow wp-block-column-is-layout-flow\" style=\"flex-basis:66.66%\">\n<figure class=\"wp-block-image size-large is-resized\"><a href=\"https:\/\/gesangverein-ebersbach.de\/wp-content\/uploads\/2022\/02\/fahne_xl.jpg\"><img decoding=\"async\" src=\"https:\/\/gesangverein-ebersbach.de\/wp-content\/uploads\/2022\/02\/fahne_xl-1024x768.jpg\" alt=\"\" class=\"wp-image-118\" height=\"320\" srcset=\"https:\/\/gesangverein-ebersbach.de\/wp-content\/uploads\/2022\/02\/fahne_xl-1024x768.jpg 1024w, https:\/\/gesangverein-ebersbach.de\/wp-content\/uploads\/2022\/02\/fahne_xl-300x225.jpg 300w, https:\/\/gesangverein-ebersbach.de\/wp-content\/uploads\/2022\/02\/fahne_xl-768x576.jpg 768w, https:\/\/gesangverein-ebersbach.de\/wp-content\/uploads\/2022\/02\/fahne_xl.jpg 1400w\" sizes=\"(max-width: 1024px) 100vw, 1024px\" \/><\/a><figcaption class=\"wp-element-caption\">Vereinsfahne<\/figcaption><\/figure>\n<\/div>\n<\/div>\n\n\n\n<p class=\"has-medium-font-size\">Gesungen wurden damals vor allen deutsche Volkslieder und Lieder aus der Zeit der Befreiungskriege. Zum Vortrag kamen Lieder von vielen bekannten Textern und Komponisten, wie zum Beispiel Joseph von Eichendorf, Ludwig Uhland und Simon Breu. In den Kriegsjahren 1914-19, bzw. 1939-45 wurde die Singet\u00e4tigkeit eingestellt. <\/p>\n\n\n\n<p class=\"has-medium-font-size\">Am 26.November 1946 fand die erste Hauptversammlung nach dem 2.Weltkrieg statt. Paul Schiefner hatte den Wiederbeginn organsiert. Der Chor erreichte eine St\u00e4rke von 39 Mitgliedern. Einer der gr\u00f6\u00dften H\u00f6hepunkte in unserer Vereinsgeschichte war das Festwochenende zum 100j\u00e4hrigen Bestehen des M\u00e4nnergesangvereines im Jahre 1968 mit Festumzug, Festplatz und S\u00e4ngerhalle in der viele Gastch\u00f6re das Jubil\u00e4um mit gestalteten. Besonders stolz sind wir darauf, das selbst in den recht schwierigen Zeiten der DDR ein reges Vereinsleben gef\u00fchrt wurde.<\/p>\n\n\n<div class=\"wp-block-image\">\n<figure class=\"aligncenter size-large is-resized\"><a href=\"https:\/\/gesangverein-ebersbach.de\/wp-content\/uploads\/2022\/02\/100jahre_xl.jpg\"><img decoding=\"async\" src=\"https:\/\/gesangverein-ebersbach.de\/wp-content\/uploads\/2022\/02\/100jahre_xl-1024x768.jpg\" alt=\"\" class=\"wp-image-152\" width=\"600\" srcset=\"https:\/\/gesangverein-ebersbach.de\/wp-content\/uploads\/2022\/02\/100jahre_xl-1024x768.jpg 1024w, https:\/\/gesangverein-ebersbach.de\/wp-content\/uploads\/2022\/02\/100jahre_xl-300x225.jpg 300w, https:\/\/gesangverein-ebersbach.de\/wp-content\/uploads\/2022\/02\/100jahre_xl-768x576.jpg 768w, https:\/\/gesangverein-ebersbach.de\/wp-content\/uploads\/2022\/02\/100jahre_xl.jpg 1400w\" sizes=\"(max-width: 1024px) 100vw, 1024px\" \/><\/a><figcaption class=\"wp-element-caption\">100-j\u00e4hriges Vereinsjubil\u00e4um<\/figcaption><\/figure>\n<\/div>\n\n\n<p class=\"has-medium-font-size\">Mit der politischen Wende im Jahre 1989 gab es neue Herausforderungen f\u00fcr unsern Verein. Durch neue Freiheiten galt es das Vereinsleben weiter interessant und traditionsbewusst zu gestalten.<\/p>\n\n\n<div class=\"wp-block-image\">\n<figure class=\"aligncenter size-large is-resized\"><a href=\"https:\/\/gesangverein-ebersbach.de\/wp-content\/uploads\/2022\/02\/125jahre_xl.jpg\"><img decoding=\"async\" src=\"https:\/\/gesangverein-ebersbach.de\/wp-content\/uploads\/2022\/02\/125jahre_xl-1024x768.jpg\" alt=\"\" class=\"wp-image-153\" width=\"600\" srcset=\"https:\/\/gesangverein-ebersbach.de\/wp-content\/uploads\/2022\/02\/125jahre_xl-1024x768.jpg 1024w, https:\/\/gesangverein-ebersbach.de\/wp-content\/uploads\/2022\/02\/125jahre_xl-300x225.jpg 300w, https:\/\/gesangverein-ebersbach.de\/wp-content\/uploads\/2022\/02\/125jahre_xl-768x576.jpg 768w, https:\/\/gesangverein-ebersbach.de\/wp-content\/uploads\/2022\/02\/125jahre_xl.jpg 1400w\" sizes=\"(max-width: 1024px) 100vw, 1024px\" \/><\/a><figcaption class=\"wp-element-caption\">125j\u00e4hriges Vereinsjubil\u00e4um<\/figcaption><\/figure>\n<\/div>\n\n\n<p class=\"has-medium-font-size\">1993 feierten wir unter dem Vorsitzenden Manfred Gr\u00f6ger unser 125j\u00e4hriges Bestehen. Im Jahre 2018 organisierte der jetzige Ehrenvorsitzende Dietmar Zinke mit seiner Gattin das f\u00fcr alle Anwesenden unvergessliche 150j\u00e4hrige Vereinsjubil\u00e4um.<br><\/p>\n\n\n<div class=\"wp-block-image\">\n<figure class=\"aligncenter size-large is-resized\"><a href=\"https:\/\/gesangverein-ebersbach.de\/wp-content\/uploads\/2022\/02\/150jahre_xl.jpg\"><img decoding=\"async\" src=\"https:\/\/gesangverein-ebersbach.de\/wp-content\/uploads\/2022\/02\/150jahre_xl-768x1024.jpg\" alt=\"\" class=\"wp-image-154\" width=\"600\" srcset=\"https:\/\/gesangverein-ebersbach.de\/wp-content\/uploads\/2022\/02\/150jahre_xl-768x1024.jpg 768w, https:\/\/gesangverein-ebersbach.de\/wp-content\/uploads\/2022\/02\/150jahre_xl-225x300.jpg 225w, https:\/\/gesangverein-ebersbach.de\/wp-content\/uploads\/2022\/02\/150jahre_xl.jpg 1000w\" sizes=\"(max-width: 768px) 100vw, 768px\" \/><\/a><figcaption class=\"wp-element-caption\">150j\u00e4hriges Vereinsjubil\u00e4um<\/figcaption><\/figure>\n<\/div>\n\n\n<p class=\"has-medium-font-size\">Ein H\u00f6hepunkt war dabei nach 50 Jahren die Wiederauff\u00fchrung des legend\u00e4ren M\u00fchlenspieles unter Mitwirkung aller Ebersbacher Vereine.<\/p>\n\n\n<div class=\"wp-block-image\">\n<figure class=\"aligncenter size-large is-resized\"><a href=\"https:\/\/gesangverein-ebersbach.de\/wp-content\/uploads\/2022\/02\/muehlenspiel.jpg\"><img decoding=\"async\" src=\"https:\/\/gesangverein-ebersbach.de\/wp-content\/uploads\/2022\/02\/muehlenspiel-1024x768.jpg\" alt=\"\" class=\"wp-image-137\" width=\"512\" srcset=\"https:\/\/gesangverein-ebersbach.de\/wp-content\/uploads\/2022\/02\/muehlenspiel-1024x768.jpg 1024w, https:\/\/gesangverein-ebersbach.de\/wp-content\/uploads\/2022\/02\/muehlenspiel-300x225.jpg 300w, https:\/\/gesangverein-ebersbach.de\/wp-content\/uploads\/2022\/02\/muehlenspiel-768x576.jpg 768w, https:\/\/gesangverein-ebersbach.de\/wp-content\/uploads\/2022\/02\/muehlenspiel.jpg 1400w\" sizes=\"(max-width: 1024px) 100vw, 1024px\" \/><\/a><figcaption class=\"wp-element-caption\">M\u00fchlenspiel<\/figcaption><\/figure>\n<\/div>\n\n\n<p class=\"has-medium-font-size\">2020 gab es einen Generationswechsel in der F\u00fchrung des Vereins. 1.Vorstand ist nun Andre Bennewitz, Schatzmeister Christian Bauer. Chorleiter fungiert weiterhin Ulrich Ziller.<\/p>\n\n\n<div class=\"wp-block-image\">\n<figure class=\"aligncenter size-large is-resized\"><a href=\"https:\/\/gesangverein-ebersbach.de\/wp-content\/uploads\/2022\/02\/generationswechsel.jpg\"><img decoding=\"async\" src=\"https:\/\/gesangverein-ebersbach.de\/wp-content\/uploads\/2022\/02\/generationswechsel-1024x682.jpg\" alt=\"\" class=\"wp-image-138\" width=\"512\" srcset=\"https:\/\/gesangverein-ebersbach.de\/wp-content\/uploads\/2022\/02\/generationswechsel-1024x682.jpg 1024w, https:\/\/gesangverein-ebersbach.de\/wp-content\/uploads\/2022\/02\/generationswechsel-300x200.jpg 300w, https:\/\/gesangverein-ebersbach.de\/wp-content\/uploads\/2022\/02\/generationswechsel-768x512.jpg 768w, https:\/\/gesangverein-ebersbach.de\/wp-content\/uploads\/2022\/02\/generationswechsel.jpg 1400w\" sizes=\"(max-width: 1024px) 100vw, 1024px\" \/><\/a><figcaption class=\"wp-element-caption\">Generationswechsel im Verein<\/figcaption><\/figure>\n<\/div>","protected":false},"excerpt":{"rendered":"<p>Der Ebersbacher M\u00e4nnergesangverein ist der \u00e4lteste durchgehend gelebte Verein im Ort. Am 26.05.1868 trafen sich im Gasthof Ziegenhals 16 M\u00e4nner \u201ezur Gr\u00fcndung eines Gesangvereines mit aktiven und passiven Mitgliedern\u201c.&nbsp;&nbsp;&nbsp;&nbsp; Gesungen wurden damals vor allen deutsche Volkslieder und Lieder aus der Zeit der Befreiungskriege. Zum Vortrag kamen Lieder von vielen bekannten Textern und Komponisten, wie zum <a class=\"read-more\" href=\"https:\/\/gesangverein-ebersbach.de\/index.php\/geschichte-des-vereins\/\">READ MORE<\/a><\/p>\n","protected":false},"author":1,"featured_media":0,"parent":0,"menu_order":0,"comment_status":"closed","ping_status":"closed","template":"","meta":{"_kadence_starter_templates_imported_post":false,"footnotes":""},"class_list":["post-106","page","type-page","status-publish","hentry"],"yoast_head":"<!-- This site is optimized with the Yoast SEO plugin v27.4 - https:\/\/yoast.com\/product\/yoast-seo-wordpress\/ -->\n<title>Geschichte des Vereins - EBERSBACHER M\u00c4NNERGESANGVEREIN 1868 E.V.<\/title>\n<meta name=\"robots\" content=\"index, follow, max-snippet:-1, max-image-preview:large, max-video-preview:-1\" \/>\n<link rel=\"canonical\" href=\"https:\/\/gesangverein-ebersbach.de\/index.php\/geschichte-des-vereins\/\" \/>\n<meta property=\"og:locale\" content=\"de_DE\" \/>\n<meta property=\"og:type\" content=\"article\" \/>\n<meta property=\"og:title\" content=\"Geschichte des Vereins - EBERSBACHER M\u00c4NNERGESANGVEREIN 1868 E.V.\" \/>\n<meta property=\"og:description\" content=\"Der Ebersbacher M\u00e4nnergesangverein ist der \u00e4lteste durchgehend gelebte Verein im Ort. Am 26.05.1868 trafen sich im Gasthof Ziegenhals 16 M\u00e4nner \u201ezur Gr\u00fcndung eines Gesangvereines mit aktiven und passiven Mitgliedern\u201c.&nbsp;&nbsp;&nbsp;&nbsp; Gesungen wurden damals vor allen deutsche Volkslieder und Lieder aus der Zeit der Befreiungskriege. Zum Vortrag kamen Lieder von vielen bekannten Textern und Komponisten, wie zum READ MORE\" \/>\n<meta property=\"og:url\" content=\"https:\/\/gesangverein-ebersbach.de\/index.php\/geschichte-des-vereins\/\" \/>\n<meta property=\"og:site_name\" content=\"EBERSBACHER M\u00c4NNERGESANGVEREIN 1868 E.V.\" \/>\n<meta property=\"article:modified_time\" content=\"2023-03-22T15:02:48+00:00\" \/>\n<meta property=\"og:image\" content=\"https:\/\/gesangverein-ebersbach.de\/wp-content\/uploads\/2022\/02\/gruendung_xl-1024x768.jpg\" \/>\n<meta name=\"twitter:card\" content=\"summary_large_image\" \/>\n<meta name=\"twitter:label1\" content=\"Gesch\u00e4tzte Lesezeit\" \/>\n\t<meta name=\"twitter:data1\" content=\"4\u00a0Minuten\" \/>\n<script type=\"application\/ld+json\" class=\"yoast-schema-graph\">{\"@context\":\"https:\\\/\\\/schema.org\",\"@graph\":[{\"@type\":\"WebPage\",\"@id\":\"https:\\\/\\\/gesangverein-ebersbach.de\\\/index.php\\\/geschichte-des-vereins\\\/\",\"url\":\"https:\\\/\\\/gesangverein-ebersbach.de\\\/index.php\\\/geschichte-des-vereins\\\/\",\"name\":\"Geschichte des Vereins - EBERSBACHER M\u00c4NNERGESANGVEREIN 1868 E.V.\",\"isPartOf\":{\"@id\":\"https:\\\/\\\/gesangverein-ebersbach.de\\\/#website\"},\"primaryImageOfPage\":{\"@id\":\"https:\\\/\\\/gesangverein-ebersbach.de\\\/index.php\\\/geschichte-des-vereins\\\/#primaryimage\"},\"image\":{\"@id\":\"https:\\\/\\\/gesangverein-ebersbach.de\\\/index.php\\\/geschichte-des-vereins\\\/#primaryimage\"},\"thumbnailUrl\":\"https:\\\/\\\/gesangverein-ebersbach.de\\\/wp-content\\\/uploads\\\/2022\\\/02\\\/gruendung_xl-1024x768.jpg\",\"datePublished\":\"2022-02-17T08:13:10+00:00\",\"dateModified\":\"2023-03-22T15:02:48+00:00\",\"breadcrumb\":{\"@id\":\"https:\\\/\\\/gesangverein-ebersbach.de\\\/index.php\\\/geschichte-des-vereins\\\/#breadcrumb\"},\"inLanguage\":\"de\",\"potentialAction\":[{\"@type\":\"ReadAction\",\"target\":[\"https:\\\/\\\/gesangverein-ebersbach.de\\\/index.php\\\/geschichte-des-vereins\\\/\"]}]},{\"@type\":\"ImageObject\",\"inLanguage\":\"de\",\"@id\":\"https:\\\/\\\/gesangverein-ebersbach.de\\\/index.php\\\/geschichte-des-vereins\\\/#primaryimage\",\"url\":\"https:\\\/\\\/gesangverein-ebersbach.de\\\/wp-content\\\/uploads\\\/2022\\\/02\\\/gruendung_xl.jpg\",\"contentUrl\":\"https:\\\/\\\/gesangverein-ebersbach.de\\\/wp-content\\\/uploads\\\/2022\\\/02\\\/gruendung_xl.jpg\",\"width\":1200,\"height\":900},{\"@type\":\"BreadcrumbList\",\"@id\":\"https:\\\/\\\/gesangverein-ebersbach.de\\\/index.php\\\/geschichte-des-vereins\\\/#breadcrumb\",\"itemListElement\":[{\"@type\":\"ListItem\",\"position\":1,\"name\":\"Startseite\",\"item\":\"https:\\\/\\\/gesangverein-ebersbach.de\\\/\"},{\"@type\":\"ListItem\",\"position\":2,\"name\":\"Geschichte des Vereins\"}]},{\"@type\":\"WebSite\",\"@id\":\"https:\\\/\\\/gesangverein-ebersbach.de\\\/#website\",\"url\":\"https:\\\/\\\/gesangverein-ebersbach.de\\\/\",\"name\":\"EBERSBACHER M\u00c4NNERGESANGVEREIN 1868 E.V.\",\"description\":\"Gesang, Geselligkeit, Tradition\",\"publisher\":{\"@id\":\"https:\\\/\\\/gesangverein-ebersbach.de\\\/#organization\"},\"potentialAction\":[{\"@type\":\"SearchAction\",\"target\":{\"@type\":\"EntryPoint\",\"urlTemplate\":\"https:\\\/\\\/gesangverein-ebersbach.de\\\/?s={search_term_string}\"},\"query-input\":{\"@type\":\"PropertyValueSpecification\",\"valueRequired\":true,\"valueName\":\"search_term_string\"}}],\"inLanguage\":\"de\"},{\"@type\":\"Organization\",\"@id\":\"https:\\\/\\\/gesangverein-ebersbach.de\\\/#organization\",\"name\":\"Ebersbacher M\u00e4nnergesangverein 1868 eV\",\"url\":\"https:\\\/\\\/gesangverein-ebersbach.de\\\/\",\"logo\":{\"@type\":\"ImageObject\",\"inLanguage\":\"de\",\"@id\":\"https:\\\/\\\/gesangverein-ebersbach.de\\\/#\\\/schema\\\/logo\\\/image\\\/\",\"url\":\"https:\\\/\\\/gesangverein-ebersbach.de\\\/wp-content\\\/uploads\\\/2022\\\/02\\\/fahne_xl.jpg\",\"contentUrl\":\"https:\\\/\\\/gesangverein-ebersbach.de\\\/wp-content\\\/uploads\\\/2022\\\/02\\\/fahne_xl.jpg\",\"width\":1400,\"height\":1050,\"caption\":\"Ebersbacher M\u00e4nnergesangverein 1868 eV\"},\"image\":{\"@id\":\"https:\\\/\\\/gesangverein-ebersbach.de\\\/#\\\/schema\\\/logo\\\/image\\\/\"}}]}<\/script>\n<!-- \/ Yoast SEO plugin. -->","yoast_head_json":{"title":"Geschichte des Vereins - EBERSBACHER M\u00c4NNERGESANGVEREIN 1868 E.V.","robots":{"index":"index","follow":"follow","max-snippet":"max-snippet:-1","max-image-preview":"max-image-preview:large","max-video-preview":"max-video-preview:-1"},"canonical":"https:\/\/gesangverein-ebersbach.de\/index.php\/geschichte-des-vereins\/","og_locale":"de_DE","og_type":"article","og_title":"Geschichte des Vereins - EBERSBACHER M\u00c4NNERGESANGVEREIN 1868 E.V.","og_description":"Der Ebersbacher M\u00e4nnergesangverein ist der \u00e4lteste durchgehend gelebte Verein im Ort. Am 26.05.1868 trafen sich im Gasthof Ziegenhals 16 M\u00e4nner \u201ezur Gr\u00fcndung eines Gesangvereines mit aktiven und passiven Mitgliedern\u201c.&nbsp;&nbsp;&nbsp;&nbsp; Gesungen wurden damals vor allen deutsche Volkslieder und Lieder aus der Zeit der Befreiungskriege. Zum Vortrag kamen Lieder von vielen bekannten Textern und Komponisten, wie zum READ MORE","og_url":"https:\/\/gesangverein-ebersbach.de\/index.php\/geschichte-des-vereins\/","og_site_name":"EBERSBACHER M\u00c4NNERGESANGVEREIN 1868 E.V.","article_modified_time":"2023-03-22T15:02:48+00:00","og_image":[{"url":"https:\/\/gesangverein-ebersbach.de\/wp-content\/uploads\/2022\/02\/gruendung_xl-1024x768.jpg","type":"","width":"","height":""}],"twitter_card":"summary_large_image","twitter_misc":{"Gesch\u00e4tzte Lesezeit":"4\u00a0Minuten"},"schema":{"@context":"https:\/\/schema.org","@graph":[{"@type":"WebPage","@id":"https:\/\/gesangverein-ebersbach.de\/index.php\/geschichte-des-vereins\/","url":"https:\/\/gesangverein-ebersbach.de\/index.php\/geschichte-des-vereins\/","name":"Geschichte des Vereins - EBERSBACHER M\u00c4NNERGESANGVEREIN 1868 E.V.","isPartOf":{"@id":"https:\/\/gesangverein-ebersbach.de\/#website"},"primaryImageOfPage":{"@id":"https:\/\/gesangverein-ebersbach.de\/index.php\/geschichte-des-vereins\/#primaryimage"},"image":{"@id":"https:\/\/gesangverein-ebersbach.de\/index.php\/geschichte-des-vereins\/#primaryimage"},"thumbnailUrl":"https:\/\/gesangverein-ebersbach.de\/wp-content\/uploads\/2022\/02\/gruendung_xl-1024x768.jpg","datePublished":"2022-02-17T08:13:10+00:00","dateModified":"2023-03-22T15:02:48+00:00","breadcrumb":{"@id":"https:\/\/gesangverein-ebersbach.de\/index.php\/geschichte-des-vereins\/#breadcrumb"},"inLanguage":"de","potentialAction":[{"@type":"ReadAction","target":["https:\/\/gesangverein-ebersbach.de\/index.php\/geschichte-des-vereins\/"]}]},{"@type":"ImageObject","inLanguage":"de","@id":"https:\/\/gesangverein-ebersbach.de\/index.php\/geschichte-des-vereins\/#primaryimage","url":"https:\/\/gesangverein-ebersbach.de\/wp-content\/uploads\/2022\/02\/gruendung_xl.jpg","contentUrl":"https:\/\/gesangverein-ebersbach.de\/wp-content\/uploads\/2022\/02\/gruendung_xl.jpg","width":1200,"height":900},{"@type":"BreadcrumbList","@id":"https:\/\/gesangverein-ebersbach.de\/index.php\/geschichte-des-vereins\/#breadcrumb","itemListElement":[{"@type":"ListItem","position":1,"name":"Startseite","item":"https:\/\/gesangverein-ebersbach.de\/"},{"@type":"ListItem","position":2,"name":"Geschichte des Vereins"}]},{"@type":"WebSite","@id":"https:\/\/gesangverein-ebersbach.de\/#website","url":"https:\/\/gesangverein-ebersbach.de\/","name":"EBERSBACHER M\u00c4NNERGESANGVEREIN 1868 E.V.","description":"Gesang, Geselligkeit, Tradition","publisher":{"@id":"https:\/\/gesangverein-ebersbach.de\/#organization"},"potentialAction":[{"@type":"SearchAction","target":{"@type":"EntryPoint","urlTemplate":"https:\/\/gesangverein-ebersbach.de\/?s={search_term_string}"},"query-input":{"@type":"PropertyValueSpecification","valueRequired":true,"valueName":"search_term_string"}}],"inLanguage":"de"},{"@type":"Organization","@id":"https:\/\/gesangverein-ebersbach.de\/#organization","name":"Ebersbacher M\u00e4nnergesangverein 1868 eV","url":"https:\/\/gesangverein-ebersbach.de\/","logo":{"@type":"ImageObject","inLanguage":"de","@id":"https:\/\/gesangverein-ebersbach.de\/#\/schema\/logo\/image\/","url":"https:\/\/gesangverein-ebersbach.de\/wp-content\/uploads\/2022\/02\/fahne_xl.jpg","contentUrl":"https:\/\/gesangverein-ebersbach.de\/wp-content\/uploads\/2022\/02\/fahne_xl.jpg","width":1400,"height":1050,"caption":"Ebersbacher M\u00e4nnergesangverein 1868 eV"},"image":{"@id":"https:\/\/gesangverein-ebersbach.de\/#\/schema\/logo\/image\/"}}]}},"_links":{"self":[{"href":"https:\/\/gesangverein-ebersbach.de\/index.php\/wp-json\/wp\/v2\/pages\/106","targetHints":{"allow":["GET"]}}],"collection":[{"href":"https:\/\/gesangverein-ebersbach.de\/index.php\/wp-json\/wp\/v2\/pages"}],"about":[{"href":"https:\/\/gesangverein-ebersbach.de\/index.php\/wp-json\/wp\/v2\/types\/page"}],"author":[{"embeddable":true,"href":"https:\/\/gesangverein-ebersbach.de\/index.php\/wp-json\/wp\/v2\/users\/1"}],"replies":[{"embeddable":true,"href":"https:\/\/gesangverein-ebersbach.de\/index.php\/wp-json\/wp\/v2\/comments?post=106"}],"version-history":[{"count":22,"href":"https:\/\/gesangverein-ebersbach.de\/index.php\/wp-json\/wp\/v2\/pages\/106\/revisions"}],"predecessor-version":[{"id":361,"href":"https:\/\/gesangverein-ebersbach.de\/index.php\/wp-json\/wp\/v2\/pages\/106\/revisions\/361"}],"wp:attachment":[{"href":"https:\/\/gesangverein-ebersbach.de\/index.php\/wp-json\/wp\/v2\/media?parent=106"}],"curies":[{"name":"wp","href":"https:\/\/api.w.org\/{rel}","templated":true}]}}