{"id":76,"date":"2022-02-14T13:37:44","date_gmt":"2022-02-14T13:37:44","guid":{"rendered":"https:\/\/gesangverein-ebersbach.de\/?page_id=76"},"modified":"2022-02-17T11:36:21","modified_gmt":"2022-02-17T11:36:21","slug":"ebersbacher-heimatlied","status":"publish","type":"page","link":"https:\/\/gesangverein-ebersbach.de\/index.php\/ebersbacher-heimatlied\/","title":{"rendered":"Ebersbacher Heimatlied"},"content":{"rendered":"\n<div class=\"wp-block-image\"><figure class=\"aligncenter size-large is-resized\"><img decoding=\"async\" src=\"https:\/\/gesangverein-ebersbach.de\/wp-content\/uploads\/2022\/02\/Ebersbacher-Heimatlied-1024x723.jpg\" alt=\"\" class=\"wp-image-142\" width=\"800\" srcset=\"https:\/\/gesangverein-ebersbach.de\/wp-content\/uploads\/2022\/02\/Ebersbacher-Heimatlied-1024x723.jpg 1024w, https:\/\/gesangverein-ebersbach.de\/wp-content\/uploads\/2022\/02\/Ebersbacher-Heimatlied-300x212.jpg 300w, https:\/\/gesangverein-ebersbach.de\/wp-content\/uploads\/2022\/02\/Ebersbacher-Heimatlied-768x542.jpg 768w, https:\/\/gesangverein-ebersbach.de\/wp-content\/uploads\/2022\/02\/Ebersbacher-Heimatlied.jpg 1240w\" sizes=\"(max-width: 1024px) 100vw, 1024px\" \/><\/figure><\/div>\n\n\n\n<p class=\"has-medium-font-size\"><strong>1. Strophe<\/strong><br>Es eilt ein B\u00e4chlein schnell von einem Wiesenquell,<br>durch alte Br\u00fccken in das Dorf hinein.<br>Erlen und Weiden es still begleiten,<br>und rauschen leis im goldnen Sonnenschein.<br><strong>Refrain:<\/strong><br>In meinem Heimatort, im Heidelachental,<br>ich liebe Ebersbach viel tausend mal.<\/p>\n\n\n\n<p class=\"has-medium-font-size\"><strong>2. Strophe<\/strong><br>Die H\u00e4user tr\u00e4umen, in alten B\u00e4umen<br>viel bunte Blumen in den G\u00e4rten bl\u00fchn.<br>Mit frohem Wiegen und schnellem Fliegen<br>die Schwalben um die Giebel ziehn.<br><strong>Refrain:<\/strong><br>In meinem Heimatort, im Heidelachental,<br>ich liebe Ebersbach viel tausend mal.<\/p>\n\n\n\n<p class=\"has-medium-font-size\"><strong>3.Strophe<\/strong><br>In goldnem Bogen die Felder wogen<br>und alle H\u00e4nde regen sich voll Flei\u00df<br>f\u00fcr Deutschlands Leben das Brot zu geben<br>und reiche Ernte ist der M\u00fche Preis.<br><strong>Refrain:<\/strong><br>In meinem Heimatort, im Heidelachental,<br>ich liebe Ebersbach viel tausend mal.<\/p>\n\n\n\n<p class=\"has-medium-font-size\"><strong>4.Strophe<\/strong><br>Rings W\u00e4lder rauschen, die Rehe lauschen,<br>dort von den Wiesen in das Dorf hinein.<br>Hier kenn ich jeden Weg und jeden Baum und Steg,<br>drum m\u00f6cht&#8216; ich immer hier im Leben sein.<br><strong>Refrain:<\/strong><br>In meinem Heimatort, im Heidelachental,<br>ich liebe Ebersbach viel tausend mal.<\/p>\n","protected":false},"excerpt":{"rendered":"<p>1. StropheEs eilt ein B\u00e4chlein schnell von einem Wiesenquell,durch alte Br\u00fccken in das Dorf hinein.Erlen und Weiden es still begleiten,und rauschen leis im goldnen Sonnenschein.Refrain:In meinem Heimatort, im Heidelachental,ich liebe Ebersbach viel tausend mal. 2. StropheDie H\u00e4user tr\u00e4umen, in alten B\u00e4umenviel bunte Blumen in den G\u00e4rten bl\u00fchn.Mit frohem Wiegen und schnellem Fliegendie Schwalben um die <a class=\"read-more\" href=\"https:\/\/gesangverein-ebersbach.de\/index.php\/ebersbacher-heimatlied\/\">READ MORE<\/a><\/p>\n","protected":false},"author":1,"featured_media":0,"parent":0,"menu_order":0,"comment_status":"closed","ping_status":"closed","template":"","meta":{"_kadence_starter_templates_imported_post":false,"footnotes":""},"class_list":["post-76","page","type-page","status-publish","hentry"],"yoast_head":"<!-- This site is optimized with the Yoast SEO plugin v27.4 - https:\/\/yoast.com\/product\/yoast-seo-wordpress\/ -->\n<title>Ebersbacher Heimatlied - EBERSBACHER M\u00c4NNERGESANGVEREIN 1868 E.V.<\/title>\n<meta name=\"robots\" content=\"index, follow, max-snippet:-1, max-image-preview:large, max-video-preview:-1\" \/>\n<link rel=\"canonical\" href=\"https:\/\/gesangverein-ebersbach.de\/index.php\/ebersbacher-heimatlied\/\" \/>\n<meta property=\"og:locale\" content=\"de_DE\" \/>\n<meta property=\"og:type\" content=\"article\" \/>\n<meta property=\"og:title\" content=\"Ebersbacher Heimatlied - EBERSBACHER M\u00c4NNERGESANGVEREIN 1868 E.V.\" \/>\n<meta property=\"og:description\" content=\"1. StropheEs eilt ein B\u00e4chlein schnell von einem Wiesenquell,durch alte Br\u00fccken in das Dorf hinein.Erlen und Weiden es still begleiten,und rauschen leis im goldnen Sonnenschein.Refrain:In meinem Heimatort, im Heidelachental,ich liebe Ebersbach viel tausend mal. 2. StropheDie H\u00e4user tr\u00e4umen, in alten B\u00e4umenviel bunte Blumen in den G\u00e4rten bl\u00fchn.Mit frohem Wiegen und schnellem Fliegendie Schwalben um die READ MORE\" \/>\n<meta property=\"og:url\" content=\"https:\/\/gesangverein-ebersbach.de\/index.php\/ebersbacher-heimatlied\/\" \/>\n<meta property=\"og:site_name\" content=\"EBERSBACHER M\u00c4NNERGESANGVEREIN 1868 E.V.\" \/>\n<meta property=\"article:modified_time\" content=\"2022-02-17T11:36:21+00:00\" \/>\n<meta property=\"og:image\" content=\"https:\/\/gesangverein-ebersbach.de\/wp-content\/uploads\/2022\/02\/Ebersbacher-Heimatlied-1024x723.jpg\" \/>\n<meta name=\"twitter:card\" content=\"summary_large_image\" \/>\n<meta name=\"twitter:label1\" content=\"Gesch\u00e4tzte Lesezeit\" \/>\n\t<meta name=\"twitter:data1\" content=\"2\u00a0Minuten\" \/>\n<script type=\"application\/ld+json\" class=\"yoast-schema-graph\">{\"@context\":\"https:\\\/\\\/schema.org\",\"@graph\":[{\"@type\":\"WebPage\",\"@id\":\"https:\\\/\\\/gesangverein-ebersbach.de\\\/index.php\\\/ebersbacher-heimatlied\\\/\",\"url\":\"https:\\\/\\\/gesangverein-ebersbach.de\\\/index.php\\\/ebersbacher-heimatlied\\\/\",\"name\":\"Ebersbacher Heimatlied - EBERSBACHER M\u00c4NNERGESANGVEREIN 1868 E.V.\",\"isPartOf\":{\"@id\":\"https:\\\/\\\/gesangverein-ebersbach.de\\\/#website\"},\"primaryImageOfPage\":{\"@id\":\"https:\\\/\\\/gesangverein-ebersbach.de\\\/index.php\\\/ebersbacher-heimatlied\\\/#primaryimage\"},\"image\":{\"@id\":\"https:\\\/\\\/gesangverein-ebersbach.de\\\/index.php\\\/ebersbacher-heimatlied\\\/#primaryimage\"},\"thumbnailUrl\":\"https:\\\/\\\/gesangverein-ebersbach.de\\\/wp-content\\\/uploads\\\/2022\\\/02\\\/Ebersbacher-Heimatlied-1024x723.jpg\",\"datePublished\":\"2022-02-14T13:37:44+00:00\",\"dateModified\":\"2022-02-17T11:36:21+00:00\",\"breadcrumb\":{\"@id\":\"https:\\\/\\\/gesangverein-ebersbach.de\\\/index.php\\\/ebersbacher-heimatlied\\\/#breadcrumb\"},\"inLanguage\":\"de\",\"potentialAction\":[{\"@type\":\"ReadAction\",\"target\":[\"https:\\\/\\\/gesangverein-ebersbach.de\\\/index.php\\\/ebersbacher-heimatlied\\\/\"]}]},{\"@type\":\"ImageObject\",\"inLanguage\":\"de\",\"@id\":\"https:\\\/\\\/gesangverein-ebersbach.de\\\/index.php\\\/ebersbacher-heimatlied\\\/#primaryimage\",\"url\":\"https:\\\/\\\/gesangverein-ebersbach.de\\\/wp-content\\\/uploads\\\/2022\\\/02\\\/Ebersbacher-Heimatlied.jpg\",\"contentUrl\":\"https:\\\/\\\/gesangverein-ebersbach.de\\\/wp-content\\\/uploads\\\/2022\\\/02\\\/Ebersbacher-Heimatlied.jpg\",\"width\":1240,\"height\":875},{\"@type\":\"BreadcrumbList\",\"@id\":\"https:\\\/\\\/gesangverein-ebersbach.de\\\/index.php\\\/ebersbacher-heimatlied\\\/#breadcrumb\",\"itemListElement\":[{\"@type\":\"ListItem\",\"position\":1,\"name\":\"Startseite\",\"item\":\"https:\\\/\\\/gesangverein-ebersbach.de\\\/\"},{\"@type\":\"ListItem\",\"position\":2,\"name\":\"Ebersbacher Heimatlied\"}]},{\"@type\":\"WebSite\",\"@id\":\"https:\\\/\\\/gesangverein-ebersbach.de\\\/#website\",\"url\":\"https:\\\/\\\/gesangverein-ebersbach.de\\\/\",\"name\":\"EBERSBACHER M\u00c4NNERGESANGVEREIN 1868 E.V.\",\"description\":\"Gesang, Geselligkeit, Tradition\",\"publisher\":{\"@id\":\"https:\\\/\\\/gesangverein-ebersbach.de\\\/#organization\"},\"potentialAction\":[{\"@type\":\"SearchAction\",\"target\":{\"@type\":\"EntryPoint\",\"urlTemplate\":\"https:\\\/\\\/gesangverein-ebersbach.de\\\/?s={search_term_string}\"},\"query-input\":{\"@type\":\"PropertyValueSpecification\",\"valueRequired\":true,\"valueName\":\"search_term_string\"}}],\"inLanguage\":\"de\"},{\"@type\":\"Organization\",\"@id\":\"https:\\\/\\\/gesangverein-ebersbach.de\\\/#organization\",\"name\":\"Ebersbacher M\u00e4nnergesangverein 1868 eV\",\"url\":\"https:\\\/\\\/gesangverein-ebersbach.de\\\/\",\"logo\":{\"@type\":\"ImageObject\",\"inLanguage\":\"de\",\"@id\":\"https:\\\/\\\/gesangverein-ebersbach.de\\\/#\\\/schema\\\/logo\\\/image\\\/\",\"url\":\"https:\\\/\\\/gesangverein-ebersbach.de\\\/wp-content\\\/uploads\\\/2022\\\/02\\\/fahne_xl.jpg\",\"contentUrl\":\"https:\\\/\\\/gesangverein-ebersbach.de\\\/wp-content\\\/uploads\\\/2022\\\/02\\\/fahne_xl.jpg\",\"width\":1400,\"height\":1050,\"caption\":\"Ebersbacher M\u00e4nnergesangverein 1868 eV\"},\"image\":{\"@id\":\"https:\\\/\\\/gesangverein-ebersbach.de\\\/#\\\/schema\\\/logo\\\/image\\\/\"}}]}<\/script>\n<!-- \/ Yoast SEO plugin. -->","yoast_head_json":{"title":"Ebersbacher Heimatlied - EBERSBACHER M\u00c4NNERGESANGVEREIN 1868 E.V.","robots":{"index":"index","follow":"follow","max-snippet":"max-snippet:-1","max-image-preview":"max-image-preview:large","max-video-preview":"max-video-preview:-1"},"canonical":"https:\/\/gesangverein-ebersbach.de\/index.php\/ebersbacher-heimatlied\/","og_locale":"de_DE","og_type":"article","og_title":"Ebersbacher Heimatlied - EBERSBACHER M\u00c4NNERGESANGVEREIN 1868 E.V.","og_description":"1. StropheEs eilt ein B\u00e4chlein schnell von einem Wiesenquell,durch alte Br\u00fccken in das Dorf hinein.Erlen und Weiden es still begleiten,und rauschen leis im goldnen Sonnenschein.Refrain:In meinem Heimatort, im Heidelachental,ich liebe Ebersbach viel tausend mal. 2. StropheDie H\u00e4user tr\u00e4umen, in alten B\u00e4umenviel bunte Blumen in den G\u00e4rten bl\u00fchn.Mit frohem Wiegen und schnellem Fliegendie Schwalben um die READ MORE","og_url":"https:\/\/gesangverein-ebersbach.de\/index.php\/ebersbacher-heimatlied\/","og_site_name":"EBERSBACHER M\u00c4NNERGESANGVEREIN 1868 E.V.","article_modified_time":"2022-02-17T11:36:21+00:00","og_image":[{"url":"https:\/\/gesangverein-ebersbach.de\/wp-content\/uploads\/2022\/02\/Ebersbacher-Heimatlied-1024x723.jpg","type":"","width":"","height":""}],"twitter_card":"summary_large_image","twitter_misc":{"Gesch\u00e4tzte Lesezeit":"2\u00a0Minuten"},"schema":{"@context":"https:\/\/schema.org","@graph":[{"@type":"WebPage","@id":"https:\/\/gesangverein-ebersbach.de\/index.php\/ebersbacher-heimatlied\/","url":"https:\/\/gesangverein-ebersbach.de\/index.php\/ebersbacher-heimatlied\/","name":"Ebersbacher Heimatlied - EBERSBACHER M\u00c4NNERGESANGVEREIN 1868 E.V.","isPartOf":{"@id":"https:\/\/gesangverein-ebersbach.de\/#website"},"primaryImageOfPage":{"@id":"https:\/\/gesangverein-ebersbach.de\/index.php\/ebersbacher-heimatlied\/#primaryimage"},"image":{"@id":"https:\/\/gesangverein-ebersbach.de\/index.php\/ebersbacher-heimatlied\/#primaryimage"},"thumbnailUrl":"https:\/\/gesangverein-ebersbach.de\/wp-content\/uploads\/2022\/02\/Ebersbacher-Heimatlied-1024x723.jpg","datePublished":"2022-02-14T13:37:44+00:00","dateModified":"2022-02-17T11:36:21+00:00","breadcrumb":{"@id":"https:\/\/gesangverein-ebersbach.de\/index.php\/ebersbacher-heimatlied\/#breadcrumb"},"inLanguage":"de","potentialAction":[{"@type":"ReadAction","target":["https:\/\/gesangverein-ebersbach.de\/index.php\/ebersbacher-heimatlied\/"]}]},{"@type":"ImageObject","inLanguage":"de","@id":"https:\/\/gesangverein-ebersbach.de\/index.php\/ebersbacher-heimatlied\/#primaryimage","url":"https:\/\/gesangverein-ebersbach.de\/wp-content\/uploads\/2022\/02\/Ebersbacher-Heimatlied.jpg","contentUrl":"https:\/\/gesangverein-ebersbach.de\/wp-content\/uploads\/2022\/02\/Ebersbacher-Heimatlied.jpg","width":1240,"height":875},{"@type":"BreadcrumbList","@id":"https:\/\/gesangverein-ebersbach.de\/index.php\/ebersbacher-heimatlied\/#breadcrumb","itemListElement":[{"@type":"ListItem","position":1,"name":"Startseite","item":"https:\/\/gesangverein-ebersbach.de\/"},{"@type":"ListItem","position":2,"name":"Ebersbacher Heimatlied"}]},{"@type":"WebSite","@id":"https:\/\/gesangverein-ebersbach.de\/#website","url":"https:\/\/gesangverein-ebersbach.de\/","name":"EBERSBACHER M\u00c4NNERGESANGVEREIN 1868 E.V.","description":"Gesang, Geselligkeit, Tradition","publisher":{"@id":"https:\/\/gesangverein-ebersbach.de\/#organization"},"potentialAction":[{"@type":"SearchAction","target":{"@type":"EntryPoint","urlTemplate":"https:\/\/gesangverein-ebersbach.de\/?s={search_term_string}"},"query-input":{"@type":"PropertyValueSpecification","valueRequired":true,"valueName":"search_term_string"}}],"inLanguage":"de"},{"@type":"Organization","@id":"https:\/\/gesangverein-ebersbach.de\/#organization","name":"Ebersbacher M\u00e4nnergesangverein 1868 eV","url":"https:\/\/gesangverein-ebersbach.de\/","logo":{"@type":"ImageObject","inLanguage":"de","@id":"https:\/\/gesangverein-ebersbach.de\/#\/schema\/logo\/image\/","url":"https:\/\/gesangverein-ebersbach.de\/wp-content\/uploads\/2022\/02\/fahne_xl.jpg","contentUrl":"https:\/\/gesangverein-ebersbach.de\/wp-content\/uploads\/2022\/02\/fahne_xl.jpg","width":1400,"height":1050,"caption":"Ebersbacher M\u00e4nnergesangverein 1868 eV"},"image":{"@id":"https:\/\/gesangverein-ebersbach.de\/#\/schema\/logo\/image\/"}}]}},"_links":{"self":[{"href":"https:\/\/gesangverein-ebersbach.de\/index.php\/wp-json\/wp\/v2\/pages\/76","targetHints":{"allow":["GET"]}}],"collection":[{"href":"https:\/\/gesangverein-ebersbach.de\/index.php\/wp-json\/wp\/v2\/pages"}],"about":[{"href":"https:\/\/gesangverein-ebersbach.de\/index.php\/wp-json\/wp\/v2\/types\/page"}],"author":[{"embeddable":true,"href":"https:\/\/gesangverein-ebersbach.de\/index.php\/wp-json\/wp\/v2\/users\/1"}],"replies":[{"embeddable":true,"href":"https:\/\/gesangverein-ebersbach.de\/index.php\/wp-json\/wp\/v2\/comments?post=76"}],"version-history":[{"count":5,"href":"https:\/\/gesangverein-ebersbach.de\/index.php\/wp-json\/wp\/v2\/pages\/76\/revisions"}],"predecessor-version":[{"id":151,"href":"https:\/\/gesangverein-ebersbach.de\/index.php\/wp-json\/wp\/v2\/pages\/76\/revisions\/151"}],"wp:attachment":[{"href":"https:\/\/gesangverein-ebersbach.de\/index.php\/wp-json\/wp\/v2\/media?parent=76"}],"curies":[{"name":"wp","href":"https:\/\/api.w.org\/{rel}","templated":true}]}}