{"id":87,"date":"2022-02-14T13:55:18","date_gmt":"2022-02-14T13:55:18","guid":{"rendered":"https:\/\/gesangverein-ebersbach.de\/?page_id=87"},"modified":"2022-02-17T11:29:25","modified_gmt":"2022-02-17T11:29:25","slug":"impressum","status":"publish","type":"page","link":"https:\/\/gesangverein-ebersbach.de\/index.php\/impressum\/","title":{"rendered":"Impressum"},"content":{"rendered":"\n<p><strong>Vertreter gem. \u00a75 TDG<\/strong><\/p>\n\n\n\n<p>Ebersbacher M\u00e4nnergesangverein 1868 e.V.<br>Hauptstra\u00dfe 83<br>01561 Ebersbach<\/p>\n\n\n\n<p><strong>Vertreten durch:<\/strong><br>Andr\u00e9 Bennewitz (Vereinsvorsitzender)<\/p>\n\n\n\n<p>Tel: 0174 999 15 68<br>E-Mail:&nbsp;<a href=\"mailto:post@gesangverein-ebersbach.de\" rel=\"nofollow\">post@gesangverein-ebersbach.de<\/a><br>WWW: www.gesangverein-ebersbach.de<\/p>\n\n\n\n<p><strong>Web-Umsetzung<\/strong><\/p>\n\n\n\n<p>der-netzmacher.de<br>Marcel Koltermann<br>Reinersdorfer Stra\u00dfe 5<br>01561 Kalkreuth<br>Mail: <a href=\"mailto:post@der-netzmacher.de\" rel=\"nofollow\">post@der-netzmacher.de<\/a><\/p>\n\n\n\n<p><strong>Haftung f\u00fcr Links<\/strong>:<\/p>\n\n\n\n<p>gesangverein-ebersbach.de distanziert sich ausdr\u00fccklich von den Inhalten, die \u00fcber eingetragene Links erschlossen werden. F\u00fcr all diese Links gilt: gesangverein-ebersbach.de nimmt keinerlei Einfluss auf die Gestaltung oder die Inhalte der verlinkten Seiten. Gleiches gilt f\u00fcr Links in s\u00e4mtlichen E-Mails und Bannern. gesangverein-ebersbach.de bezieht sich dabei auf ein Urteil des Landgerichts Hamburg vom 12. Mai 1998, wonach durch die Anbringung eines Links die Inhalte der verlinkten Seite ggf. mit zu verantworten sind. Dies kann \u2013 so das Landgericht Hamburg \u2013 nur verhindert werden, indem man sich ausdr\u00fccklich von diesen Inhalten distanziert, was hiermit geschieht.<\/p>\n\n\n\n<p><strong>Haftung f\u00fcr Inhalte:<\/strong><\/p>\n\n\n\n<p>Als Diensteanbieter sind wir gem\u00e4\u00df \u00a7 7 Abs.1 TMG f\u00fcr eigene Inhalte auf diesen Seiten nach den allgemeinen Gesetzen verantwortlich. Nach \u00a7\u00a7 8 bis 10 TMG sind wir als Diensteanbieter jedoch nicht verpflichtet, \u00fcbermittelte oder gespeicherte fremde Informationen zu \u00fcberwachen oder nach Umst\u00e4nden zu forschen, die auf eine rechtswidrige T\u00e4tigkeit hinweisen.<\/p>\n\n\n\n<p>Verpflichtungen zur Entfernung oder Sperrung der Nutzung von Informationen nach den allgemeinen Gesetzen bleiben hiervon unber\u00fchrt. Eine diesbez\u00fcgliche Haftung ist jedoch erst ab dem Zeitpunkt der Kenntnis einer konkreten Rechtsverletzung m\u00f6glich. Bei Bekanntwerden von entsprechenden Rechtsverletzungen werden wir diese Inhalte umgehend entfernen.<\/p>\n\n\n\n<p><strong>Urheberrecht<\/strong><\/p>\n\n\n\n<p>Die durch die Seitenbetreiber erstellten Inhalte und Werke auf diesen Seiten unterliegen dem deutschen Urheberrecht. Die Vervielf\u00e4ltigung, Bearbeitung, Verbreitung und jede Art der Verwertung au\u00dferhalb der Grenzen des Urheberrechtes bed\u00fcrfen der schriftlichen Zustimmung des jeweiligen Autors bzw. Erstellers. Downloads und Kopien dieser Seite sind nur f\u00fcr den privaten, nicht kommerziellen Gebrauch gestattet.<\/p>\n\n\n\n<p>Soweit die Inhalte auf dieser Seite nicht vom Betreiber erstellt wurden, werden die Urheberrechte Dritter beachtet. Insbesondere werden Inhalte Dritter als solche gekennzeichnet. Sollten Sie trotzdem auf eine Urheberrechtsverletzung aufmerksam werden, bitten wir um einen entsprechenden Hinweis. Bei Bekanntwerden von Rechtsverletzungen werden wir derartige Inhalte umgehend entfernen.<\/p>\n","protected":false},"excerpt":{"rendered":"<p>Vertreter gem. \u00a75 TDG Ebersbacher M\u00e4nnergesangverein 1868 e.V.Hauptstra\u00dfe 8301561 Ebersbach Vertreten durch:Andr\u00e9 Bennewitz (Vereinsvorsitzender) Tel: 0174 999 15 68E-Mail:&nbsp;post@gesangverein-ebersbach.deWWW: www.gesangverein-ebersbach.de Web-Umsetzung der-netzmacher.deMarcel KoltermannReinersdorfer Stra\u00dfe 501561 KalkreuthMail: post@der-netzmacher.de Haftung f\u00fcr Links: gesangverein-ebersbach.de distanziert sich ausdr\u00fccklich von den Inhalten, die \u00fcber eingetragene Links erschlossen werden. F\u00fcr all diese Links gilt: gesangverein-ebersbach.de nimmt keinerlei Einfluss auf die Gestaltung <a class=\"read-more\" href=\"https:\/\/gesangverein-ebersbach.de\/index.php\/impressum\/\">READ MORE<\/a><\/p>\n","protected":false},"author":1,"featured_media":0,"parent":0,"menu_order":0,"comment_status":"closed","ping_status":"closed","template":"","meta":{"_kadence_starter_templates_imported_post":false,"footnotes":""},"class_list":["post-87","page","type-page","status-publish","hentry"],"yoast_head":"<!-- This site is optimized with the Yoast SEO plugin v27.4 - https:\/\/yoast.com\/product\/yoast-seo-wordpress\/ -->\n<title>Impressum - EBERSBACHER M\u00c4NNERGESANGVEREIN 1868 E.V.<\/title>\n<meta name=\"description\" content=\"Impressum\" \/>\n<meta name=\"robots\" content=\"index, follow, max-snippet:-1, max-image-preview:large, max-video-preview:-1\" \/>\n<link rel=\"canonical\" href=\"https:\/\/gesangverein-ebersbach.de\/index.php\/impressum\/\" \/>\n<meta property=\"og:locale\" content=\"de_DE\" \/>\n<meta property=\"og:type\" content=\"article\" \/>\n<meta property=\"og:title\" content=\"Impressum - EBERSBACHER M\u00c4NNERGESANGVEREIN 1868 E.V.\" \/>\n<meta property=\"og:description\" content=\"Impressum\" \/>\n<meta property=\"og:url\" content=\"https:\/\/gesangverein-ebersbach.de\/index.php\/impressum\/\" \/>\n<meta property=\"og:site_name\" content=\"EBERSBACHER M\u00c4NNERGESANGVEREIN 1868 E.V.\" \/>\n<meta property=\"article:modified_time\" content=\"2022-02-17T11:29:25+00:00\" \/>\n<meta name=\"twitter:card\" content=\"summary_large_image\" \/>\n<meta name=\"twitter:label1\" content=\"Gesch\u00e4tzte Lesezeit\" \/>\n\t<meta name=\"twitter:data1\" content=\"2\u00a0Minuten\" \/>\n<script type=\"application\/ld+json\" class=\"yoast-schema-graph\">{\"@context\":\"https:\\\/\\\/schema.org\",\"@graph\":[{\"@type\":\"WebPage\",\"@id\":\"https:\\\/\\\/gesangverein-ebersbach.de\\\/index.php\\\/impressum\\\/\",\"url\":\"https:\\\/\\\/gesangverein-ebersbach.de\\\/index.php\\\/impressum\\\/\",\"name\":\"Impressum - EBERSBACHER M\u00c4NNERGESANGVEREIN 1868 E.V.\",\"isPartOf\":{\"@id\":\"https:\\\/\\\/gesangverein-ebersbach.de\\\/#website\"},\"datePublished\":\"2022-02-14T13:55:18+00:00\",\"dateModified\":\"2022-02-17T11:29:25+00:00\",\"description\":\"Impressum\",\"breadcrumb\":{\"@id\":\"https:\\\/\\\/gesangverein-ebersbach.de\\\/index.php\\\/impressum\\\/#breadcrumb\"},\"inLanguage\":\"de\",\"potentialAction\":[{\"@type\":\"ReadAction\",\"target\":[\"https:\\\/\\\/gesangverein-ebersbach.de\\\/index.php\\\/impressum\\\/\"]}]},{\"@type\":\"BreadcrumbList\",\"@id\":\"https:\\\/\\\/gesangverein-ebersbach.de\\\/index.php\\\/impressum\\\/#breadcrumb\",\"itemListElement\":[{\"@type\":\"ListItem\",\"position\":1,\"name\":\"Startseite\",\"item\":\"https:\\\/\\\/gesangverein-ebersbach.de\\\/\"},{\"@type\":\"ListItem\",\"position\":2,\"name\":\"Impressum\"}]},{\"@type\":\"WebSite\",\"@id\":\"https:\\\/\\\/gesangverein-ebersbach.de\\\/#website\",\"url\":\"https:\\\/\\\/gesangverein-ebersbach.de\\\/\",\"name\":\"EBERSBACHER M\u00c4NNERGESANGVEREIN 1868 E.V.\",\"description\":\"Gesang, Geselligkeit, Tradition\",\"publisher\":{\"@id\":\"https:\\\/\\\/gesangverein-ebersbach.de\\\/#organization\"},\"potentialAction\":[{\"@type\":\"SearchAction\",\"target\":{\"@type\":\"EntryPoint\",\"urlTemplate\":\"https:\\\/\\\/gesangverein-ebersbach.de\\\/?s={search_term_string}\"},\"query-input\":{\"@type\":\"PropertyValueSpecification\",\"valueRequired\":true,\"valueName\":\"search_term_string\"}}],\"inLanguage\":\"de\"},{\"@type\":\"Organization\",\"@id\":\"https:\\\/\\\/gesangverein-ebersbach.de\\\/#organization\",\"name\":\"Ebersbacher M\u00e4nnergesangverein 1868 eV\",\"url\":\"https:\\\/\\\/gesangverein-ebersbach.de\\\/\",\"logo\":{\"@type\":\"ImageObject\",\"inLanguage\":\"de\",\"@id\":\"https:\\\/\\\/gesangverein-ebersbach.de\\\/#\\\/schema\\\/logo\\\/image\\\/\",\"url\":\"https:\\\/\\\/gesangverein-ebersbach.de\\\/wp-content\\\/uploads\\\/2022\\\/02\\\/fahne_xl.jpg\",\"contentUrl\":\"https:\\\/\\\/gesangverein-ebersbach.de\\\/wp-content\\\/uploads\\\/2022\\\/02\\\/fahne_xl.jpg\",\"width\":1400,\"height\":1050,\"caption\":\"Ebersbacher M\u00e4nnergesangverein 1868 eV\"},\"image\":{\"@id\":\"https:\\\/\\\/gesangverein-ebersbach.de\\\/#\\\/schema\\\/logo\\\/image\\\/\"}}]}<\/script>\n<!-- \/ Yoast SEO plugin. -->","yoast_head_json":{"title":"Impressum - EBERSBACHER M\u00c4NNERGESANGVEREIN 1868 E.V.","description":"Impressum","robots":{"index":"index","follow":"follow","max-snippet":"max-snippet:-1","max-image-preview":"max-image-preview:large","max-video-preview":"max-video-preview:-1"},"canonical":"https:\/\/gesangverein-ebersbach.de\/index.php\/impressum\/","og_locale":"de_DE","og_type":"article","og_title":"Impressum - EBERSBACHER M\u00c4NNERGESANGVEREIN 1868 E.V.","og_description":"Impressum","og_url":"https:\/\/gesangverein-ebersbach.de\/index.php\/impressum\/","og_site_name":"EBERSBACHER M\u00c4NNERGESANGVEREIN 1868 E.V.","article_modified_time":"2022-02-17T11:29:25+00:00","twitter_card":"summary_large_image","twitter_misc":{"Gesch\u00e4tzte Lesezeit":"2\u00a0Minuten"},"schema":{"@context":"https:\/\/schema.org","@graph":[{"@type":"WebPage","@id":"https:\/\/gesangverein-ebersbach.de\/index.php\/impressum\/","url":"https:\/\/gesangverein-ebersbach.de\/index.php\/impressum\/","name":"Impressum - EBERSBACHER M\u00c4NNERGESANGVEREIN 1868 E.V.","isPartOf":{"@id":"https:\/\/gesangverein-ebersbach.de\/#website"},"datePublished":"2022-02-14T13:55:18+00:00","dateModified":"2022-02-17T11:29:25+00:00","description":"Impressum","breadcrumb":{"@id":"https:\/\/gesangverein-ebersbach.de\/index.php\/impressum\/#breadcrumb"},"inLanguage":"de","potentialAction":[{"@type":"ReadAction","target":["https:\/\/gesangverein-ebersbach.de\/index.php\/impressum\/"]}]},{"@type":"BreadcrumbList","@id":"https:\/\/gesangverein-ebersbach.de\/index.php\/impressum\/#breadcrumb","itemListElement":[{"@type":"ListItem","position":1,"name":"Startseite","item":"https:\/\/gesangverein-ebersbach.de\/"},{"@type":"ListItem","position":2,"name":"Impressum"}]},{"@type":"WebSite","@id":"https:\/\/gesangverein-ebersbach.de\/#website","url":"https:\/\/gesangverein-ebersbach.de\/","name":"EBERSBACHER M\u00c4NNERGESANGVEREIN 1868 E.V.","description":"Gesang, Geselligkeit, Tradition","publisher":{"@id":"https:\/\/gesangverein-ebersbach.de\/#organization"},"potentialAction":[{"@type":"SearchAction","target":{"@type":"EntryPoint","urlTemplate":"https:\/\/gesangverein-ebersbach.de\/?s={search_term_string}"},"query-input":{"@type":"PropertyValueSpecification","valueRequired":true,"valueName":"search_term_string"}}],"inLanguage":"de"},{"@type":"Organization","@id":"https:\/\/gesangverein-ebersbach.de\/#organization","name":"Ebersbacher M\u00e4nnergesangverein 1868 eV","url":"https:\/\/gesangverein-ebersbach.de\/","logo":{"@type":"ImageObject","inLanguage":"de","@id":"https:\/\/gesangverein-ebersbach.de\/#\/schema\/logo\/image\/","url":"https:\/\/gesangverein-ebersbach.de\/wp-content\/uploads\/2022\/02\/fahne_xl.jpg","contentUrl":"https:\/\/gesangverein-ebersbach.de\/wp-content\/uploads\/2022\/02\/fahne_xl.jpg","width":1400,"height":1050,"caption":"Ebersbacher M\u00e4nnergesangverein 1868 eV"},"image":{"@id":"https:\/\/gesangverein-ebersbach.de\/#\/schema\/logo\/image\/"}}]}},"_links":{"self":[{"href":"https:\/\/gesangverein-ebersbach.de\/index.php\/wp-json\/wp\/v2\/pages\/87","targetHints":{"allow":["GET"]}}],"collection":[{"href":"https:\/\/gesangverein-ebersbach.de\/index.php\/wp-json\/wp\/v2\/pages"}],"about":[{"href":"https:\/\/gesangverein-ebersbach.de\/index.php\/wp-json\/wp\/v2\/types\/page"}],"author":[{"embeddable":true,"href":"https:\/\/gesangverein-ebersbach.de\/index.php\/wp-json\/wp\/v2\/users\/1"}],"replies":[{"embeddable":true,"href":"https:\/\/gesangverein-ebersbach.de\/index.php\/wp-json\/wp\/v2\/comments?post=87"}],"version-history":[{"count":3,"href":"https:\/\/gesangverein-ebersbach.de\/index.php\/wp-json\/wp\/v2\/pages\/87\/revisions"}],"predecessor-version":[{"id":147,"href":"https:\/\/gesangverein-ebersbach.de\/index.php\/wp-json\/wp\/v2\/pages\/87\/revisions\/147"}],"wp:attachment":[{"href":"https:\/\/gesangverein-ebersbach.de\/index.php\/wp-json\/wp\/v2\/media?parent=87"}],"curies":[{"name":"wp","href":"https:\/\/api.w.org\/{rel}","templated":true}]}}